{"id":189,"date":"2024-02-05T22:51:11","date_gmt":"2024-02-05T21:51:11","guid":{"rendered":"https:\/\/alasa.com.gt\/?page_id=189"},"modified":"2024-02-07T17:38:11","modified_gmt":"2024-02-07T16:38:11","slug":"nuestros-clientes","status":"publish","type":"page","link":"https:\/\/alasa.com.gt\/index.php\/nuestros-clientes\/","title":{"rendered":"NUESTROS CLIENTES"},"content":{"rendered":"\t\t<div data-elementor-type=\"wp-page\" data-elementor-id=\"189\" class=\"elementor elementor-189\">\n\t\t\t\t<div class=\"elementor-element elementor-element-79c9352 e-con-full e-flex e-con e-parent\" data-id=\"79c9352\" data-element_type=\"container\" data-e-type=\"container\" data-settings=\"{&quot;background_background&quot;:&quot;classic&quot;}\">\n\t\t\t\t<div class=\"elementor-element elementor-element-ac2ff59 elementor-widget elementor-widget-image\" data-id=\"ac2ff59\" data-element_type=\"widget\" data-e-type=\"widget\" data-widget_type=\"image.default\">\n\t\t\t\t<div class=\"elementor-widget-container\">\n\t\t\t\t\t\t\t\t\t\t\t\t\t\t\t<img fetchpriority=\"high\" decoding=\"async\" width=\"1600\" height=\"450\" src=\"https:\/\/alasa.com.gt\/wp-content\/uploads\/2024\/02\/t3.jpg\" class=\"attachment-full size-full wp-image-286\" alt=\"\" srcset=\"https:\/\/alasa.com.gt\/wp-content\/uploads\/2024\/02\/t3.jpg 1600w, https:\/\/alasa.com.gt\/wp-content\/uploads\/2024\/02\/t3-300x84.jpg 300w, https:\/\/alasa.com.gt\/wp-content\/uploads\/2024\/02\/t3-1024x288.jpg 1024w, https:\/\/alasa.com.gt\/wp-content\/uploads\/2024\/02\/t3-768x216.jpg 768w, https:\/\/alasa.com.gt\/wp-content\/uploads\/2024\/02\/t3-1536x432.jpg 1536w\" sizes=\"(max-width: 1600px) 100vw, 1600px\" \/>\t\t\t\t\t\t\t\t\t\t\t\t\t\t\t<\/div>\n\t\t\t\t<\/div>\n\t\t\t\t<\/div>\n\t\t<div class=\"elementor-element elementor-element-db84818 e-flex e-con-boxed e-con e-parent\" data-id=\"db84818\" data-element_type=\"container\" data-e-type=\"container\" data-settings=\"{&quot;background_background&quot;:&quot;classic&quot;}\">\n\t\t\t\t\t<div class=\"e-con-inner\">\n\t\t\t\t<div class=\"elementor-element elementor-element-2cba816 elementor-widget elementor-widget-text-editor\" data-id=\"2cba816\" data-element_type=\"widget\" data-e-type=\"widget\" data-widget_type=\"text-editor.default\">\n\t\t\t\t<div class=\"elementor-widget-container\">\n\t\t\t\t\t\t\t\t\t<h2><span style=\"color: #ffffff;\">NUESTROS CLIENTES<\/span><\/h2>\t\t\t\t\t\t\t\t<\/div>\n\t\t\t\t<\/div>\n\t\t\t\t\t<\/div>\n\t\t\t\t<\/div>\n\t\t<div class=\"elementor-element elementor-element-12a6bef e-flex e-con-boxed e-con e-parent\" data-id=\"12a6bef\" data-element_type=\"container\" data-e-type=\"container\" data-settings=\"{&quot;background_background&quot;:&quot;classic&quot;}\">\n\t\t\t\t\t<div class=\"e-con-inner\">\n\t\t\t\t<div class=\"elementor-element elementor-element-ec3dc6e elementor-widget elementor-widget-text-editor\" data-id=\"ec3dc6e\" data-element_type=\"widget\" data-e-type=\"widget\" data-widget_type=\"text-editor.default\">\n\t\t\t\t<div class=\"elementor-widget-container\">\n\t\t\t\t\t\t\t\t\t<p><strong>SECTOR DE SERVICIOS<\/strong><\/p><p>El amplio abanico de soluciones que ofrecemos nos permite contar con un portafolio de clientes de los m\u00e1s diversos rubros. En cada caso se desarroll\u00f3 un servicio acorde a las necesidades y objetivos espec\u00edficos de cada cliente. <br \/>En las categor\u00edas:<\/p>\t\t\t\t\t\t\t\t<\/div>\n\t\t\t\t<\/div>\n\t\t\t\t\t<\/div>\n\t\t\t\t<\/div>\n\t\t<div class=\"elementor-element elementor-element-c8c5dc7 e-flex e-con-boxed e-con e-parent\" data-id=\"c8c5dc7\" data-element_type=\"container\" data-e-type=\"container\" data-settings=\"{&quot;background_background&quot;:&quot;classic&quot;}\">\n\t\t\t\t\t<div class=\"e-con-inner\">\n\t\t\t\t<div class=\"elementor-element elementor-element-c0e2051 elementor-widget elementor-widget-text-editor\" data-id=\"c0e2051\" data-element_type=\"widget\" data-e-type=\"widget\" data-widget_type=\"text-editor.default\">\n\t\t\t\t<div class=\"elementor-widget-container\">\n\t\t\t\t\t\t\t\t\t<ul><li>Productos Alimenticios<\/li><li>Farmac\u00e9uticos y productos de uso m\u00e9dico<\/li><li>Veh\u00edculos<\/li><li>Repuestos y\u00a0 accesorios para veh\u00edculos<\/li><li>Textiles<\/li><li>Representaciones<\/li><li>Industria y maquinaria<\/li><li>Mudanzas<\/li><li>Petroleras<\/li><li>Mineras<\/li><\/ul>\t\t\t\t\t\t\t\t<\/div>\n\t\t\t\t<\/div>\n\t\t\t\t\t<\/div>\n\t\t\t\t<\/div>\n\t\t\t\t<\/div>\n\t\t","protected":false},"excerpt":{"rendered":"<p>NUESTROS CLIENTES SECTOR DE SERVICIOS El amplio abanico de soluciones que ofrecemos nos permite contar con un portafolio de clientes de los m\u00e1s diversos rubros. En cada caso se desarroll\u00f3 un servicio<a class=\"moretag\" href=\"https:\/\/alasa.com.gt\/index.php\/nuestros-clientes\/\">Read More&#8230;<\/a><\/p>\n","protected":false},"author":1,"featured_media":0,"parent":0,"menu_order":0,"comment_status":"closed","ping_status":"closed","template":"elementor_header_footer","meta":{"footnotes":""},"class_list":["post-189","page","type-page","status-publish","hentry"],"_links":{"self":[{"href":"https:\/\/alasa.com.gt\/index.php\/wp-json\/wp\/v2\/pages\/189","targetHints":{"allow":["GET"]}}],"collection":[{"href":"https:\/\/alasa.com.gt\/index.php\/wp-json\/wp\/v2\/pages"}],"about":[{"href":"https:\/\/alasa.com.gt\/index.php\/wp-json\/wp\/v2\/types\/page"}],"author":[{"embeddable":true,"href":"https:\/\/alasa.com.gt\/index.php\/wp-json\/wp\/v2\/users\/1"}],"replies":[{"embeddable":true,"href":"https:\/\/alasa.com.gt\/index.php\/wp-json\/wp\/v2\/comments?post=189"}],"version-history":[{"count":14,"href":"https:\/\/alasa.com.gt\/index.php\/wp-json\/wp\/v2\/pages\/189\/revisions"}],"predecessor-version":[{"id":300,"href":"https:\/\/alasa.com.gt\/index.php\/wp-json\/wp\/v2\/pages\/189\/revisions\/300"}],"wp:attachment":[{"href":"https:\/\/alasa.com.gt\/index.php\/wp-json\/wp\/v2\/media?parent=189"}],"curies":[{"name":"wp","href":"https:\/\/api.w.org\/{rel}","templated":true}]}}